{"id":2325,"date":"2022-06-18T09:59:41","date_gmt":"2022-06-18T09:59:41","guid":{"rendered":"https:\/\/ladurnerambiente.it\/activities\/transphorma\/"},"modified":"2024-05-30T13:25:11","modified_gmt":"2024-05-30T13:25:11","slug":"transphorma","status":"publish","type":"page","link":"https:\/\/ladurnerambiente.it\/en\/activities\/transphorma\/","title":{"rendered":"TRANSPHORMA"},"content":{"rendered":"  <div id=\"page-header-1578012195\" class=\"page-header-wrapper\">\n  <div class=\"page-title dark featured-title\">\n\n    \n    <div class=\"page-title-inner container align-center flex-row medium-flex-wrap\" >\n              <div class=\"title-wrapper flex-col text-left medium-text-center\">\n          <h1 class=\"entry-title mb-0\">\n            TRANSPHORMA          <\/h1>\n        <\/div>\n                    <div class=\"title-content flex-col flex-right text-right medium-text-center\">\n        <div class=\"title-breadcrumbs pb-half pt-half\"><\/div>      <\/div>\n    <\/div>\n\n       <\/div>\n    <\/div>\n  \n\t<section class=\"section\" id=\"section_1285154994\">\n\t\t<div class=\"bg section-bg fill bg-fill  bg-loaded\" >\n\n\t\t\t\n\t\t\t\n\t\t\t\n\n\t\t<\/div>\n\n\t\t<div class=\"section-content relative\">\n\t\t\t\n<div class=\"row row-small\"  id=\"row-991158285\">\n\n\t<div id=\"col-1273461624\" class=\"col medium-6 small-12 large-6\"  >\n\t\t<div class=\"col-inner\"  >\n\t\t\t\n\t\t\t\n<h2 class=\"p1\">Transphorma, la nuova sfida di Ladurner<\/h2>\n<div class=\"is-divider divider clearfix\" style=\"max-width:93px;\"><\/div>\n<p class=\"p1\"><strong>Transphorma<\/strong> \u00e8 un progetto organizzato con mission e strategie in project financing rivolte allo sviluppo di sistemi di gestione dei servizi ambientali virtuosi, sostenibili ed innovativi (<strong>Innova &amp;<\/strong> <strong>Municipia<\/strong>) e allo sviluppo delle tecnologie impiantistiche pi\u00f9 adeguate ai nuovi bisogni per agevolare la transizione energetica (<strong>Enviro<\/strong>).<\/p>\n<p class=\"p1\">La mission di Transphorma si articola su pi\u00f9 fronti: oltre al fronte pi\u00f9 tradizionale per Ladurner (Enviro), che prevede lo sviluppo di iniziative per la creazione di una pipeline di progetti mirati al <strong>recupero di materia<\/strong> da quelle filiere il cui bisogno di risposta e di soddisfazione \u00e8 divenuto di grado primario, come i fanghi da depurazione e le terre da bonifica e spazzamento stradale, c\u2019\u00e8 anche il fronte dell\u2019<strong>igiene urbana<\/strong> in chiave di sostenibilit\u00e0 e efficientamento, che prevede lo sviluppo di iniziative per la sostituzione delle flotte per l\u2019igiene ambientale (Municipia), con il passaggio alla trazione <strong>full-electric<\/strong> e a <strong>biometano<\/strong>, e la gestione integrata dei servizi ambientali in modo pi\u00f9 sostenibile e virtuoso (Innova).<\/p>\n<p class=\"p1\">L\u2019attivit\u00e0 di Transphorma nella gestione integrata delle flotte e dei servizi ambientali sar\u00e0 caratterizzata dalla sostenibilit\u00e0 a 360 gradi con la mobilit\u00e0 a <strong>Zero emissioni<\/strong>, in stretta collaborazione con <strong>Ladurner Equipment<\/strong> e con il partner industriale <strong>Axpo<\/strong>, ma anche dall\u2019innovazione e efficientamento dei servizi con centri di raccolta rifiuti moderni e funzionali e metodologie di raccolta studiate per ottimizzare l\u2019intercettazione della frazione recuperabile e ridurre invece quella destinata a smaltimento.<\/p>\n<p class=\"p1\">Per quanto riguarda la parte impiantistica, invece, verranno sviluppate le tecnologie di trasformazione e recupero che assicurino il pi\u00f9 alto, virtuoso e sostenibile valore aggiunto in termini ambientali ed economici, mutuando le esperienze della <strong>Divisione Enviro<\/strong> e di <strong>Axpo<\/strong> nel settore dell\u2019efficienza energetica.<\/p>\n<p class=\"p1\"><em><span style=\"font-size: 85%;\">\u201cCon questo progetto Ladurner Ambiente intende mettere a frutto e massimizzare la propria trentennale esperienza nello sviluppo di iniziative legate alla realizzazione di infrastrutture e alla gestione dei servizi in partenariato pubblico privato (PPP), applicandola sia nella trasformazione ed il recupero di materia che nella gestione dei servizi di raccolta rifiuti, aggiungendo ad entrambi un alto valore di sostenibilit\u00e0 e agevolandone la transizione energetica.\u201d <strong>(Transphorma BU Manager)<\/strong><\/span><\/em><\/p>\n<a href=\"https:\/\/www.linkedin.com\/company\/transphorma-ladurner\" target=\"_self\" class=\"button primary is-shade box-shadow-3 box-shadow-5-hover\" style=\"border-radius:5px;\" rel=\"noopener\">\n    <span>Seguici su Linkedin!<\/span>\n  <\/a>\n\n\t\t<\/div>\n\t\t\n<style>\n#col-1273461624 > .col-inner {\n  padding: 0px 30px 0px 0px;\n}\n<\/style>\n\t<\/div>\n\n\t\n\n\t<div id=\"col-116317938\" class=\"col medium-6 small-12 large-6\"  >\n\t\t<div class=\"col-inner\"  >\n\t\t\t\n\t\t\t\n\n  <div class=\"banner has-hover bg-overlay-remove-50\" id=\"banner-167989160\">\n          <div class=\"banner-inner fill\">\n        <div class=\"banner-bg fill\" >\n            <div class=\"bg fill bg-fill \"><\/div>\n                        <div class=\"overlay\"><\/div>            \n\t<div class=\"is-border\"\n\t\tstyle=\"border-color:rgb(249, 249, 249);border-width:0px 0px 20px 0px;\">\n\t<\/div>\n                    <\/div>\n        <div class=\"banner-layers container\">\n            <div class=\"fill banner-link\"><\/div>            \n   <div id=\"text-box-1898009164\" class=\"text-box banner-layer x50 md-x50 lg-x50 y50 md-y50 lg-y50 res-text\">\n                                <div class=\"text-box-content text dark\">\n              \n              <div class=\"text-inner text-center\">\n                  \n<h3><strong>Green parking area<\/strong><\/h3>\n              <\/div>\n           <\/div>\n                            \n<style>\n#text-box-1898009164 {\n  width: 60%;\n}\n#text-box-1898009164 .text-box-content {\n  font-size: 100%;\n}\n<\/style>\n    <\/div>\n \n        <\/div>\n      <\/div>\n\n            \n<style>\n#banner-167989160 {\n  padding-top: 400px;\n}\n#banner-167989160 .bg.bg-loaded {\n  background-image: url(https:\/\/ladurnerambiente.it\/wp-content\/uploads\/2022\/06\/Green-parking-area--1024x576.jpg);\n}\n#banner-167989160 .overlay {\n  background-color: rgba(0, 0, 0, 0.081);\n}\n<\/style>\n  <\/div>\n\n\n\n  <div class=\"banner has-hover bg-overlay-remove-50\" id=\"banner-742071580\">\n          <div class=\"banner-inner fill\">\n        <div class=\"banner-bg fill\" >\n            <div class=\"bg fill bg-fill \"><\/div>\n                        <div class=\"overlay\"><\/div>            \n\t<div class=\"is-border\"\n\t\tstyle=\"border-color:rgb(249, 249, 249);border-width:20px 0px 20px 0px;\">\n\t<\/div>\n                    <\/div>\n        <div class=\"banner-layers container\">\n            <div class=\"fill banner-link\"><\/div>            \n   <div id=\"text-box-2041240684\" class=\"text-box banner-layer x50 md-x50 lg-x50 y50 md-y50 lg-y50 res-text\">\n                                <div class=\"text-box-content text dark\">\n              \n              <div class=\"text-inner text-center\">\n                  \n<h3><strong>Waste collection Center<\/strong><\/h3>\n              <\/div>\n           <\/div>\n                            \n<style>\n#text-box-2041240684 {\n  width: 72%;\n}\n#text-box-2041240684 .text-box-content {\n  font-size: 100%;\n}\n<\/style>\n    <\/div>\n \n        <\/div>\n      <\/div>\n\n            \n<style>\n#banner-742071580 {\n  padding-top: 400px;\n}\n#banner-742071580 .bg.bg-loaded {\n  background-image: url(https:\/\/ladurnerambiente.it\/wp-content\/uploads\/2022\/06\/Waste-collection-Center-1024x576.jpg);\n}\n#banner-742071580 .overlay {\n  background-color: rgba(0, 0, 0, 0.18);\n}\n<\/style>\n  <\/div>\n\n\n\n  <div class=\"banner has-hover bg-overlay-remove-50\" id=\"banner-409521291\">\n          <div class=\"banner-inner fill\">\n        <div class=\"banner-bg fill\" >\n            <div class=\"bg fill bg-fill \"><\/div>\n                        <div class=\"overlay\"><\/div>            \n\t<div class=\"is-border\"\n\t\tstyle=\"border-color:rgb(249, 249, 249);border-width:20px 0px 0px 0px;\">\n\t<\/div>\n                    <\/div>\n        <div class=\"banner-layers container\">\n            <div class=\"fill banner-link\"><\/div>            \n   <div id=\"text-box-318125579\" class=\"text-box banner-layer x50 md-x50 lg-x50 y50 md-y50 lg-y50 res-text\">\n                                <div class=\"text-box-content text dark\">\n              \n              <div class=\"text-inner text-center\">\n                  \n<h3 style=\"text-align: center;\"><strong>Solar Cover<\/strong><\/h3>\n              <\/div>\n           <\/div>\n                            \n<style>\n#text-box-318125579 {\n  width: 71%;\n}\n#text-box-318125579 .text-box-content {\n  font-size: 100%;\n}\n<\/style>\n    <\/div>\n \n        <\/div>\n      <\/div>\n\n            \n<style>\n#banner-409521291 {\n  padding-top: 400px;\n}\n#banner-409521291 .bg.bg-loaded {\n  background-image: url(https:\/\/ladurnerambiente.it\/wp-content\/uploads\/2022\/06\/Solar-cover-1024x576.jpg);\n}\n#banner-409521291 .overlay {\n  background-color: rgba(0, 0, 0, 0.151);\n}\n<\/style>\n  <\/div>\n\n\n\t\t<\/div>\n\t\t\t<\/div>\n\n\t\n<\/div>\n\t\t<\/div>\n\n\t\t\n<style>\n#section_1285154994 {\n  padding-top: 30px;\n  padding-bottom: 30px;\n  background-color: rgb(249, 249, 249);\n}\n<\/style>\n\t<\/section>\n\t\n","protected":false},"excerpt":{"rendered":"","protected":false},"author":7,"featured_media":0,"parent":2282,"menu_order":0,"comment_status":"closed","ping_status":"closed","template":"page-blank.php","meta":{"footnotes":""},"class_list":["post-2325","page","type-page","status-publish","hentry"],"_links":{"self":[{"href":"https:\/\/ladurnerambiente.it\/en\/wp-json\/wp\/v2\/pages\/2325","targetHints":{"allow":["GET"]}}],"collection":[{"href":"https:\/\/ladurnerambiente.it\/en\/wp-json\/wp\/v2\/pages"}],"about":[{"href":"https:\/\/ladurnerambiente.it\/en\/wp-json\/wp\/v2\/types\/page"}],"author":[{"embeddable":true,"href":"https:\/\/ladurnerambiente.it\/en\/wp-json\/wp\/v2\/users\/7"}],"replies":[{"embeddable":true,"href":"https:\/\/ladurnerambiente.it\/en\/wp-json\/wp\/v2\/comments?post=2325"}],"version-history":[{"count":2,"href":"https:\/\/ladurnerambiente.it\/en\/wp-json\/wp\/v2\/pages\/2325\/revisions"}],"predecessor-version":[{"id":2806,"href":"https:\/\/ladurnerambiente.it\/en\/wp-json\/wp\/v2\/pages\/2325\/revisions\/2806"}],"up":[{"embeddable":true,"href":"https:\/\/ladurnerambiente.it\/en\/wp-json\/wp\/v2\/pages\/2282"}],"wp:attachment":[{"href":"https:\/\/ladurnerambiente.it\/en\/wp-json\/wp\/v2\/media?parent=2325"}],"curies":[{"name":"wp","href":"https:\/\/api.w.org\/{rel}","templated":true}]}}